{"id":277471,"date":"2024-11-19T12:17:42","date_gmt":"2024-11-19T11:17:42","guid":{"rendered":"https:\/\/omote-advisory.com\/?page_id=277471"},"modified":"2024-12-24T11:26:39","modified_gmt":"2024-12-24T10:26:39","slug":"new-news-2024","status":"publish","type":"page","link":"https:\/\/omote-advisory.com\/en\/new-news-2024\/","title":{"rendered":"new-news-2024"},"content":{"rendered":"\n[et_pb_section fb_built=\u00a0\u00bb1&Prime; fullwidth=\u00a0\u00bbon\u00a0\u00bb _builder_version=\u00a0\u00bb4.27.3&Prime; _module_preset=\u00a0\u00bbdefault\u00a0\u00bb global_colors_info=\u00a0\u00bb{}\u00a0\u00bb][et_pb_fullwidth_header title=\u00a0\u00bbNews et Actualit\u00e9s\u00a0\u00bb text_orientation=\u00a0\u00bbright\u00a0\u00bb _builder_version=\u00a0\u00bb4.27.3&Prime; _module_preset=\u00a0\u00bbdefault\u00a0\u00bb title_font=\u00a0\u00bb||||||||\u00a0\u00bb title_font_size=\u00a0\u00bb48px\u00a0\u00bb background_enable_color=\u00a0\u00bboff\u00a0\u00bb background_image=\u00a0\u00bbhttps:\/\/omote-advisory.com\/wp-content\/uploads\/2024\/11\/header-news-omote-advisory-large.webp\u00a0\u00bb custom_padding=\u00a0\u00bb233px||||false|false\u00a0\u00bb background_last_edited=\u00a0\u00bbon|desktop\u00a0\u00bb background_image_tablet=\u00a0\u00bbhttps:\/\/omote-advisory.com\/wp-content\/uploads\/2024\/11\/header-news-omote-advisory-medium.webp\u00a0\u00bb background_image_phone=\u00a0\u00bbhttps:\/\/omote-advisory.com\/wp-content\/uploads\/2024\/11\/header-news-omote-advisory-small.webp\u00a0\u00bb background_enable_image_tablet=\u00a0\u00bbon\u00a0\u00bb background_enable_image_phone=\u00a0\u00bbon\u00a0\u00bb global_colors_info=\u00a0\u00bb{}\u00a0\u00bb][\/et_pb_fullwidth_header][\/et_pb_section][et_pb_section fb_built=\u00a0\u00bb1&Prime; _builder_version=\u00a0\u00bb4.27.3&Prime; _module_preset=\u00a0\u00bbdefault\u00a0\u00bb global_colors_info=\u00a0\u00bb{}\u00a0\u00bb][et_pb_row use_custom_gutter=\u00a0\u00bbon\u00a0\u00bb gutter_width=\u00a0\u00bb2&Prime; make_equal=\u00a0\u00bbon\u00a0\u00bb _builder_version=\u00a0\u00bb4.27.3&Prime; _module_preset=\u00a0\u00bbdefault\u00a0\u00bb max_width=\u00a0\u00bb100%\u00a0\u00bb global_colors_info=\u00a0\u00bb{}\u00a0\u00bb][et_pb_column type=\u00a0\u00bb4_4&Prime; _builder_version=\u00a0\u00bb4.27.3&Prime; _module_preset=\u00a0\u00bbdefault\u00a0\u00bb global_colors_info=\u00a0\u00bb{}\u00a0\u00bb][et_pb_blog fullwidth=\u00a0\u00bboff\u00a0\u00bb include_categories=\u00a0\u00bb9,21&Prime; show_more=\u00a0\u00bbon\u00a0\u00bb show_author=\u00a0\u00bboff\u00a0\u00bb show_categories=\u00a0\u00bboff\u00a0\u00bb show_excerpt=\u00a0\u00bboff\u00a0\u00bb module_class=\u00a0\u00bbomote-category-articles\u00a0\u00bb _builder_version=\u00a0\u00bb4.27.3&Prime; _module_preset=\u00a0\u00bbdefault\u00a0\u00bb header_text_color=\u00a0\u00bb#001F31&Prime; header_font_size=\u00a0\u00bb24px\u00a0\u00bb body_font_size=\u00a0\u00bb16px\u00a0\u00bb meta_font_size=\u00a0\u00bb16px\u00a0\u00bb read_more_text_color=\u00a0\u00bb#001F31&Prime; read_more_font_size=\u00a0\u00bb16px\u00a0\u00bb hover_enabled=\u00a0\u00bb0&Prime; custom_css_free_form=\u00a0\u00bbh2 a {||  text-wrap: wrap;||}||||.more-link {||  visibility: hidden;||}||.more-link:hover:after {||  background-color: #001F3F;||  color: #FDEFE;||}||.more-link:after {||  content: &lsquo;Lire plus&rsquo;;||  visibility: visible;||  text-transform: capitalize;||  border: solid;||  border-color: #001F3F !important;||  background-color: RGBA(255, 255, 255, 0);||  border-width: 2px;||  border-radius: 30px;||  padding: 0.3em 1em;||  padding-right: 25px;||  padding-left: 25px;||  margin-top: 10px;||}||||@media (min-width: 981px) {||    article.type-post {||    display: flex;||    flex-direction: column;||    height: 40em;||    }||    article.type-post:hover {||      background-color: #eaeaea !important;||    }||    .entry-title {||      flex-grow: 1;||    }||}\u00a0\u00bb global_colors_info=\u00a0\u00bb{}\u00a0\u00bb read_more_text_color__hover_enabled=\u00a0\u00bbon|desktop\u00a0\u00bb read_more_text_color__hover=\u00a0\u00bb#FFFFFF\u00a0\u00bb sticky_enabled=\u00a0\u00bb0&Prime;][\/et_pb_blog][\/et_pb_column][\/et_pb_row][\/et_pb_section]\n","protected":false},"excerpt":{"rendered":"","protected":false},"author":4,"featured_media":0,"parent":0,"menu_order":0,"comment_status":"closed","ping_status":"closed","template":"","meta":{"_et_pb_use_builder":"on","_et_pb_old_content":"","_et_gb_content_width":"","content-type":"","inline_featured_image":false,"footnotes":""},"class_list":["post-277471","page","type-page","status-publish","hentry"],"yoast_head":"<!-- This site is optimized with the Yoast SEO plugin v27.0 - https:\/\/yoast.com\/product\/yoast-seo-wordpress\/ -->\n<title>new-news-2024 - OMOTE ADVISORY<\/title>\n<meta name=\"robots\" content=\"noindex, nofollow\" \/>\n<meta property=\"og:locale\" content=\"en_US\" \/>\n<meta property=\"og:type\" content=\"article\" \/>\n<meta property=\"og:title\" content=\"new-news-2024 - OMOTE ADVISORY\" \/>\n<meta property=\"og:description\" content=\"OMOTE Advisory est un cabinet de conseil expert, sp\u00e9cialis\u00e9 en ALM et en gestion des risques financiers. Depuis sa cr\u00e9ation, le cabinet accompagne les banques et les institutions financi\u00e8res de la place dans leurs projets strat\u00e9giques de mise en conformit\u00e9, d\u2019optimisation de mesures et de processus d\u2019encadrement des risques structurels et financiers.Liens Directs Contact Mentions [&hellip;]\" \/>\n<meta property=\"og:url\" content=\"https:\/\/omote-advisory.com\/en\/new-news-2024\/\" \/>\n<meta property=\"og:site_name\" content=\"OMOTE ADVISORY\" \/>\n<meta property=\"article:modified_time\" content=\"2024-12-24T10:26:39+00:00\" \/>\n<meta name=\"twitter:card\" content=\"summary_large_image\" \/>\n<meta name=\"twitter:label1\" content=\"Est. reading time\" \/>\n\t<meta name=\"twitter:data1\" content=\"5 minutes\" \/>\n<script type=\"application\/ld+json\" class=\"yoast-schema-graph\">{\"@context\":\"https:\/\/schema.org\",\"@graph\":[{\"@type\":\"Article\",\"@id\":\"https:\/\/omote-advisory.com\/new-news-2024\/#article\",\"isPartOf\":{\"@id\":\"https:\/\/omote-advisory.com\/new-news-2024\/\"},\"author\":{\"name\":\"it admin\",\"@id\":\"https:\/\/omote-advisory.com\/#\/schema\/person\/10d356c7bf3bb964d1d682b216a959eb\"},\"headline\":\"new-news-2024\",\"datePublished\":\"2024-11-19T11:17:42+00:00\",\"dateModified\":\"2024-12-24T10:26:39+00:00\",\"mainEntityOfPage\":{\"@id\":\"https:\/\/omote-advisory.com\/new-news-2024\/\"},\"wordCount\":303,\"publisher\":{\"@id\":\"https:\/\/omote-advisory.com\/#organization\"},\"inLanguage\":\"en-US\"},{\"@type\":\"WebPage\",\"@id\":\"https:\/\/omote-advisory.com\/new-news-2024\/\",\"url\":\"https:\/\/omote-advisory.com\/new-news-2024\/\",\"name\":\"new-news-2024 - OMOTE ADVISORY\",\"isPartOf\":{\"@id\":\"https:\/\/omote-advisory.com\/#website\"},\"datePublished\":\"2024-11-19T11:17:42+00:00\",\"dateModified\":\"2024-12-24T10:26:39+00:00\",\"breadcrumb\":{\"@id\":\"https:\/\/omote-advisory.com\/new-news-2024\/#breadcrumb\"},\"inLanguage\":\"en-US\",\"potentialAction\":[{\"@type\":\"ReadAction\",\"target\":[\"https:\/\/omote-advisory.com\/new-news-2024\/\"]}]},{\"@type\":\"BreadcrumbList\",\"@id\":\"https:\/\/omote-advisory.com\/new-news-2024\/#breadcrumb\",\"itemListElement\":[{\"@type\":\"ListItem\",\"position\":1,\"name\":\"Accueil\",\"item\":\"https:\/\/omote-advisory.com\/\"},{\"@type\":\"ListItem\",\"position\":2,\"name\":\"new-news-2024\"}]},{\"@type\":\"WebSite\",\"@id\":\"https:\/\/omote-advisory.com\/#website\",\"url\":\"https:\/\/omote-advisory.com\/\",\"name\":\"OMOTE ADVISORY\",\"description\":\"\",\"publisher\":{\"@id\":\"https:\/\/omote-advisory.com\/#organization\"},\"potentialAction\":[{\"@type\":\"SearchAction\",\"target\":{\"@type\":\"EntryPoint\",\"urlTemplate\":\"https:\/\/omote-advisory.com\/?s={search_term_string}\"},\"query-input\":{\"@type\":\"PropertyValueSpecification\",\"valueRequired\":true,\"valueName\":\"search_term_string\"}}],\"inLanguage\":\"en-US\"},{\"@type\":\"Organization\",\"@id\":\"https:\/\/omote-advisory.com\/#organization\",\"name\":\"Omote Advisory\",\"url\":\"https:\/\/omote-advisory.com\/\",\"logo\":{\"@type\":\"ImageObject\",\"inLanguage\":\"en-US\",\"@id\":\"https:\/\/omote-advisory.com\/#\/schema\/logo\/image\/\",\"url\":\"https:\/\/omote-advisory.com\/wp-content\/uploads\/2019\/01\/LOGO-PNG-1.png\",\"contentUrl\":\"https:\/\/omote-advisory.com\/wp-content\/uploads\/2019\/01\/LOGO-PNG-1.png\",\"width\":4208,\"height\":744,\"caption\":\"Omote Advisory\"},\"image\":{\"@id\":\"https:\/\/omote-advisory.com\/#\/schema\/logo\/image\/\"},\"sameAs\":[\"https:\/\/fr.linkedin.com\/company\/omote-advisory\"]},{\"@type\":\"Person\",\"@id\":\"https:\/\/omote-advisory.com\/#\/schema\/person\/10d356c7bf3bb964d1d682b216a959eb\",\"name\":\"it admin\",\"url\":\"https:\/\/omote-advisory.com\/en\/author\/omote_ved\/\"}]}<\/script>\n<!-- \/ Yoast SEO plugin. -->","yoast_head_json":{"title":"new-news-2024 - OMOTE ADVISORY","robots":{"index":"noindex","follow":"nofollow"},"og_locale":"en_US","og_type":"article","og_title":"new-news-2024 - OMOTE ADVISORY","og_description":"OMOTE Advisory est un cabinet de conseil expert, sp\u00e9cialis\u00e9 en ALM et en gestion des risques financiers. Depuis sa cr\u00e9ation, le cabinet accompagne les banques et les institutions financi\u00e8res de la place dans leurs projets strat\u00e9giques de mise en conformit\u00e9, d\u2019optimisation de mesures et de processus d\u2019encadrement des risques structurels et financiers.Liens Directs Contact Mentions [&hellip;]","og_url":"https:\/\/omote-advisory.com\/en\/new-news-2024\/","og_site_name":"OMOTE ADVISORY","article_modified_time":"2024-12-24T10:26:39+00:00","twitter_card":"summary_large_image","twitter_misc":{"Est. reading time":"5 minutes"},"schema":{"@context":"https:\/\/schema.org","@graph":[{"@type":"Article","@id":"https:\/\/omote-advisory.com\/new-news-2024\/#article","isPartOf":{"@id":"https:\/\/omote-advisory.com\/new-news-2024\/"},"author":{"name":"it admin","@id":"https:\/\/omote-advisory.com\/#\/schema\/person\/10d356c7bf3bb964d1d682b216a959eb"},"headline":"new-news-2024","datePublished":"2024-11-19T11:17:42+00:00","dateModified":"2024-12-24T10:26:39+00:00","mainEntityOfPage":{"@id":"https:\/\/omote-advisory.com\/new-news-2024\/"},"wordCount":303,"publisher":{"@id":"https:\/\/omote-advisory.com\/#organization"},"inLanguage":"en-US"},{"@type":"WebPage","@id":"https:\/\/omote-advisory.com\/new-news-2024\/","url":"https:\/\/omote-advisory.com\/new-news-2024\/","name":"new-news-2024 - OMOTE ADVISORY","isPartOf":{"@id":"https:\/\/omote-advisory.com\/#website"},"datePublished":"2024-11-19T11:17:42+00:00","dateModified":"2024-12-24T10:26:39+00:00","breadcrumb":{"@id":"https:\/\/omote-advisory.com\/new-news-2024\/#breadcrumb"},"inLanguage":"en-US","potentialAction":[{"@type":"ReadAction","target":["https:\/\/omote-advisory.com\/new-news-2024\/"]}]},{"@type":"BreadcrumbList","@id":"https:\/\/omote-advisory.com\/new-news-2024\/#breadcrumb","itemListElement":[{"@type":"ListItem","position":1,"name":"Accueil","item":"https:\/\/omote-advisory.com\/"},{"@type":"ListItem","position":2,"name":"new-news-2024"}]},{"@type":"WebSite","@id":"https:\/\/omote-advisory.com\/#website","url":"https:\/\/omote-advisory.com\/","name":"OMOTE ADVISORY","description":"","publisher":{"@id":"https:\/\/omote-advisory.com\/#organization"},"potentialAction":[{"@type":"SearchAction","target":{"@type":"EntryPoint","urlTemplate":"https:\/\/omote-advisory.com\/?s={search_term_string}"},"query-input":{"@type":"PropertyValueSpecification","valueRequired":true,"valueName":"search_term_string"}}],"inLanguage":"en-US"},{"@type":"Organization","@id":"https:\/\/omote-advisory.com\/#organization","name":"Omote Advisory","url":"https:\/\/omote-advisory.com\/","logo":{"@type":"ImageObject","inLanguage":"en-US","@id":"https:\/\/omote-advisory.com\/#\/schema\/logo\/image\/","url":"https:\/\/omote-advisory.com\/wp-content\/uploads\/2019\/01\/LOGO-PNG-1.png","contentUrl":"https:\/\/omote-advisory.com\/wp-content\/uploads\/2019\/01\/LOGO-PNG-1.png","width":4208,"height":744,"caption":"Omote Advisory"},"image":{"@id":"https:\/\/omote-advisory.com\/#\/schema\/logo\/image\/"},"sameAs":["https:\/\/fr.linkedin.com\/company\/omote-advisory"]},{"@type":"Person","@id":"https:\/\/omote-advisory.com\/#\/schema\/person\/10d356c7bf3bb964d1d682b216a959eb","name":"it admin","url":"https:\/\/omote-advisory.com\/en\/author\/omote_ved\/"}]}},"_links":{"self":[{"href":"https:\/\/omote-advisory.com\/en\/wp-json\/wp\/v2\/pages\/277471","targetHints":{"allow":["GET"]}}],"collection":[{"href":"https:\/\/omote-advisory.com\/en\/wp-json\/wp\/v2\/pages"}],"about":[{"href":"https:\/\/omote-advisory.com\/en\/wp-json\/wp\/v2\/types\/page"}],"author":[{"embeddable":true,"href":"https:\/\/omote-advisory.com\/en\/wp-json\/wp\/v2\/users\/4"}],"replies":[{"embeddable":true,"href":"https:\/\/omote-advisory.com\/en\/wp-json\/wp\/v2\/comments?post=277471"}],"version-history":[{"count":0,"href":"https:\/\/omote-advisory.com\/en\/wp-json\/wp\/v2\/pages\/277471\/revisions"}],"wp:attachment":[{"href":"https:\/\/omote-advisory.com\/en\/wp-json\/wp\/v2\/media?parent=277471"}],"curies":[{"name":"wp","href":"https:\/\/api.w.org\/{rel}","templated":true}]}}