{"id":278925,"date":"2025-05-31T12:32:46","date_gmt":"2025-05-31T10:32:46","guid":{"rendered":"https:\/\/omote-advisory.com\/?page_id=278925"},"modified":"2026-05-04T12:28:51","modified_gmt":"2026-05-04T10:28:51","slug":"rd-rialto-kernel","status":"publish","type":"page","link":"https:\/\/omote-advisory.com\/en\/rd-rialto-kernel\/","title":{"rendered":"R&#038;D RIALTO KERNEL"},"content":{"rendered":"<p>[et_pb_section fb_built=\u00a0\u00bb1&Prime; _builder_version=\u00a0\u00bb4.25.1&Prime; _module_preset=\u00a0\u00bbdefault\u00a0\u00bb background_enable_color=\u00a0\u00bboff\u00a0\u00bb custom_margin=\u00a0\u00bb50px||||false|false\u00a0\u00bb custom_padding=\u00a0\u00bb||||false|false\u00a0\u00bb global_colors_info=\u00a0\u00bb{}\u00a0\u00bb][et_pb_row _builder_version=\u00a0\u00bb4.27.4&Prime; _module_preset=\u00a0\u00bbdefault\u00a0\u00bb global_colors_info=\u00a0\u00bb{}\u00a0\u00bb][et_pb_column type=\u00a0\u00bb4_4&Prime; _builder_version=\u00a0\u00bb4.27.4&Prime; _module_preset=\u00a0\u00bbdefault\u00a0\u00bb global_colors_info=\u00a0\u00bb{}\u00a0\u00bb][et_pb_code _builder_version=\u00a0\u00bb4.27.6&Prime; _module_preset=\u00a0\u00bbdefault\u00a0\u00bb custom_margin=\u00a0\u00bb-131px||||false|false\u00a0\u00bb hover_enabled=\u00a0\u00bb0&Prime; global_colors_info=\u00a0\u00bb{}\u00a0\u00bb sticky_enabled=\u00a0\u00bb0&Prime; custom_padding=\u00a0\u00bb0px||||false|false\u00a0\u00bb]<iframe <!-- [et_pb_line_break_holder] -->  src=\u00a0\u00bbhttps:\/\/copy-of-rialto-kernel-m3zm5r0.gamma.site\/\u00a0\u00bb<!-- [et_pb_line_break_holder] -->  width=\u00a0\u00bb100%\u00a0\u00bb <!-- [et_pb_line_break_holder] -->  height=\u00a0\u00bb3439px\u00a0\u00bb <!-- [et_pb_line_break_holder] -->  style=\u00a0\u00bbborder: none;\u00a0\u00bb><!-- [et_pb_line_break_holder] --><\/iframe>[\/et_pb_code][et_pb_text _builder_version=\u00a0\u00bb4.27.6&Prime; _module_preset=\u00a0\u00bbdefault\u00a0\u00bb text_font=\u00a0\u00bb||||||||\u00a0\u00bb hover_enabled=\u00a0\u00bb0&Prime; global_colors_info=\u00a0\u00bb{}\u00a0\u00bb custom_margin=\u00a0\u00bb|||1px|false|false\u00a0\u00bb sticky_enabled=\u00a0\u00bb0&Prime;]<\/p>\n<p>D\u00e9couvrez en vid\u00e9o comment <strong>RIALTO Kernel<\/strong> transforme l\u2019analyse IRRBB \u00e0 travers deux d\u00e9monstrations compl\u00e9mentaires :<\/p>\n<p><a href=\"https:\/\/omote-advisory.com\/prototype-irrbb\/?et_fb=1&amp;PageSpeed=off\"><strong>Vid\u00e9o 1 \u2013 Proof of Concept (POC)<\/strong><\/a><\/p>\n<p>Premi\u00e8re illustration du robo-advisor sp\u00e9cialis\u00e9 ALM :<\/p>\n<p>production automatis\u00e9e des indicateurs IRRBB (EVE, NII, Gaps), simulation multi-sc\u00e9narios et premi\u00e8re analyse explicative des variations.<\/p>\n<p><a href=\"https:\/\/omote-advisory.com\/279288-2\/?et_fb=1&amp;PageSpeed=off\"><strong>Vid\u00e9o 2 \u2013 Version industrialis\u00e9e <\/strong><\/a><strong><a href=\"https:\/\/omote-advisory.com\/279288-2\/?et_fb=1&amp;PageSpeed=off\">\u2013<\/a> Module IRRBB Insight Core\u00a0<\/strong><\/p>\n<p>D\u00e9ploiement complet du module ALM &#8211; IRRBB :<\/p>\n<p>industrialisation de la cha\u00eene de production IRRBB, reporting industrialis\u00e9 synchronis\u00e9 aux calculs, tra\u00e7abilit\u00e9 des versions, d\u00e9tection et analyse des \u00e9carts, g\u00e9n\u00e9ration d\u2019analyses explicables, en environnement s\u00e9curis\u00e9.<\/p>\n<p><a href=\"https:\/\/omote-advisory.com\/279340-2\/\" title=\"Module Liquidity\"><strong>Vid\u00e9o 3 \u2013 Version industrialis\u00e9e <\/strong><strong>\u2013 Module Liquidity Insight Core\u00a0<\/strong><\/a><\/p>\n<p>D\u00e9ploiement complet du module ALM &#8211; Liquidity :<\/p>\n<p>industrialisation de la collecte et du mapping des donn\u00e9es r\u00e9glementaires, g\u00e9n\u00e9ration automatique de reportings BCE int\u00e9grant nativement les plafonds et pond\u00e9rations, recalcul instantan\u00e9 des ratios, historisation par arr\u00eat\u00e9 avec tra\u00e7abilit\u00e9 compl\u00e8te et justification ligne \u00e0 ligne, dans un environnement structur\u00e9 et fiable.<\/p>\n<p style=\"text-align: center;\">\u200b<\/p>\n<p style=\"text-align: center;\">\u200b<\/p>\n<p>[\/et_pb_text][\/et_pb_column][\/et_pb_row][\/et_pb_section]<\/p>\n","protected":false},"excerpt":{"rendered":"<p>D\u00e9couvrez en vid\u00e9o comment RIALTO Kernel transforme l\u2019analyse IRRBB \u00e0 travers deux d\u00e9monstrations compl\u00e9mentaires : Vid\u00e9o 1 \u2013 Proof of Concept (POC) Premi\u00e8re illustration du robo-advisor sp\u00e9cialis\u00e9 ALM : production automatis\u00e9e des indicateurs IRRBB (EVE, NII, Gaps), simulation multi-sc\u00e9narios et premi\u00e8re analyse explicative des variations. Vid\u00e9o 2 \u2013 Version industrialis\u00e9e \u2013 Module IRRBB Insight Core\u00a0 [&hellip;]<\/p>\n","protected":false},"author":5,"featured_media":0,"parent":0,"menu_order":0,"comment_status":"closed","ping_status":"closed","template":"","meta":{"_et_pb_use_builder":"on","_et_pb_old_content":"","_et_gb_content_width":"","content-type":"","inline_featured_image":false,"footnotes":""},"class_list":["post-278925","page","type-page","status-publish","hentry"],"yoast_head":"<!-- This site is optimized with the Yoast SEO plugin v27.0 - https:\/\/yoast.com\/product\/yoast-seo-wordpress\/ -->\n<title>R&amp;D RIALTO KERNEL - OMOTE ADVISORY<\/title>\n<meta name=\"robots\" content=\"index, follow, max-snippet:-1, max-image-preview:large, max-video-preview:-1\" \/>\n<link rel=\"canonical\" href=\"https:\/\/omote-advisory.com\/en\/rd-rialto-kernel\/\" \/>\n<meta property=\"og:locale\" content=\"en_US\" \/>\n<meta property=\"og:type\" content=\"article\" \/>\n<meta property=\"og:title\" content=\"R&amp;D RIALTO KERNEL - OMOTE ADVISORY\" \/>\n<meta property=\"og:description\" content=\"OMOTE Advisory est un cabinet de conseil expert, sp\u00e9cialis\u00e9 en ALM et en gestion des risques financiers. Depuis sa cr\u00e9ation, le cabinet accompagne les banques et les institutions financi\u00e8res de la place dans leurs projets strat\u00e9giques de mise en conformit\u00e9, d\u2019optimisation de mesures et de processus d\u2019encadrement des risques structurels et financiers.Liens Directs Contact Mentions [&hellip;]\" \/>\n<meta property=\"og:url\" content=\"https:\/\/omote-advisory.com\/en\/rd-rialto-kernel\/\" \/>\n<meta property=\"og:site_name\" content=\"OMOTE ADVISORY\" \/>\n<meta property=\"article:modified_time\" content=\"2026-05-04T10:28:51+00:00\" \/>\n<meta name=\"twitter:card\" content=\"summary_large_image\" \/>\n<script type=\"application\/ld+json\" class=\"yoast-schema-graph\">{\"@context\":\"https:\/\/schema.org\",\"@graph\":[{\"@type\":\"WebPage\",\"@id\":\"https:\/\/omote-advisory.com\/rd-rialto-kernel\/\",\"url\":\"https:\/\/omote-advisory.com\/rd-rialto-kernel\/\",\"name\":\"R&D RIALTO KERNEL - OMOTE ADVISORY\",\"isPartOf\":{\"@id\":\"https:\/\/omote-advisory.com\/#website\"},\"datePublished\":\"2025-05-31T10:32:46+00:00\",\"dateModified\":\"2026-05-04T10:28:51+00:00\",\"breadcrumb\":{\"@id\":\"https:\/\/omote-advisory.com\/rd-rialto-kernel\/#breadcrumb\"},\"inLanguage\":\"en-US\",\"potentialAction\":[{\"@type\":\"ReadAction\",\"target\":[\"https:\/\/omote-advisory.com\/rd-rialto-kernel\/\"]}]},{\"@type\":\"BreadcrumbList\",\"@id\":\"https:\/\/omote-advisory.com\/rd-rialto-kernel\/#breadcrumb\",\"itemListElement\":[{\"@type\":\"ListItem\",\"position\":1,\"name\":\"Accueil\",\"item\":\"https:\/\/omote-advisory.com\/\"},{\"@type\":\"ListItem\",\"position\":2,\"name\":\"R&#038;D RIALTO KERNEL\"}]},{\"@type\":\"WebSite\",\"@id\":\"https:\/\/omote-advisory.com\/#website\",\"url\":\"https:\/\/omote-advisory.com\/\",\"name\":\"OMOTE ADVISORY\",\"description\":\"\",\"publisher\":{\"@id\":\"https:\/\/omote-advisory.com\/#organization\"},\"potentialAction\":[{\"@type\":\"SearchAction\",\"target\":{\"@type\":\"EntryPoint\",\"urlTemplate\":\"https:\/\/omote-advisory.com\/?s={search_term_string}\"},\"query-input\":{\"@type\":\"PropertyValueSpecification\",\"valueRequired\":true,\"valueName\":\"search_term_string\"}}],\"inLanguage\":\"en-US\"},{\"@type\":\"Organization\",\"@id\":\"https:\/\/omote-advisory.com\/#organization\",\"name\":\"Omote Advisory\",\"url\":\"https:\/\/omote-advisory.com\/\",\"logo\":{\"@type\":\"ImageObject\",\"inLanguage\":\"en-US\",\"@id\":\"https:\/\/omote-advisory.com\/#\/schema\/logo\/image\/\",\"url\":\"https:\/\/omote-advisory.com\/wp-content\/uploads\/2019\/01\/LOGO-PNG-1.png\",\"contentUrl\":\"https:\/\/omote-advisory.com\/wp-content\/uploads\/2019\/01\/LOGO-PNG-1.png\",\"width\":4208,\"height\":744,\"caption\":\"Omote Advisory\"},\"image\":{\"@id\":\"https:\/\/omote-advisory.com\/#\/schema\/logo\/image\/\"},\"sameAs\":[\"https:\/\/fr.linkedin.com\/company\/omote-advisory\"]}]}<\/script>\n<!-- \/ Yoast SEO plugin. -->","yoast_head_json":{"title":"R&D RIALTO KERNEL - OMOTE ADVISORY","robots":{"index":"index","follow":"follow","max-snippet":"max-snippet:-1","max-image-preview":"max-image-preview:large","max-video-preview":"max-video-preview:-1"},"canonical":"https:\/\/omote-advisory.com\/en\/rd-rialto-kernel\/","og_locale":"en_US","og_type":"article","og_title":"R&D RIALTO KERNEL - OMOTE ADVISORY","og_description":"OMOTE Advisory est un cabinet de conseil expert, sp\u00e9cialis\u00e9 en ALM et en gestion des risques financiers. Depuis sa cr\u00e9ation, le cabinet accompagne les banques et les institutions financi\u00e8res de la place dans leurs projets strat\u00e9giques de mise en conformit\u00e9, d\u2019optimisation de mesures et de processus d\u2019encadrement des risques structurels et financiers.Liens Directs Contact Mentions [&hellip;]","og_url":"https:\/\/omote-advisory.com\/en\/rd-rialto-kernel\/","og_site_name":"OMOTE ADVISORY","article_modified_time":"2026-05-04T10:28:51+00:00","twitter_card":"summary_large_image","schema":{"@context":"https:\/\/schema.org","@graph":[{"@type":"WebPage","@id":"https:\/\/omote-advisory.com\/rd-rialto-kernel\/","url":"https:\/\/omote-advisory.com\/rd-rialto-kernel\/","name":"R&D RIALTO KERNEL - OMOTE ADVISORY","isPartOf":{"@id":"https:\/\/omote-advisory.com\/#website"},"datePublished":"2025-05-31T10:32:46+00:00","dateModified":"2026-05-04T10:28:51+00:00","breadcrumb":{"@id":"https:\/\/omote-advisory.com\/rd-rialto-kernel\/#breadcrumb"},"inLanguage":"en-US","potentialAction":[{"@type":"ReadAction","target":["https:\/\/omote-advisory.com\/rd-rialto-kernel\/"]}]},{"@type":"BreadcrumbList","@id":"https:\/\/omote-advisory.com\/rd-rialto-kernel\/#breadcrumb","itemListElement":[{"@type":"ListItem","position":1,"name":"Accueil","item":"https:\/\/omote-advisory.com\/"},{"@type":"ListItem","position":2,"name":"R&#038;D RIALTO KERNEL"}]},{"@type":"WebSite","@id":"https:\/\/omote-advisory.com\/#website","url":"https:\/\/omote-advisory.com\/","name":"OMOTE ADVISORY","description":"","publisher":{"@id":"https:\/\/omote-advisory.com\/#organization"},"potentialAction":[{"@type":"SearchAction","target":{"@type":"EntryPoint","urlTemplate":"https:\/\/omote-advisory.com\/?s={search_term_string}"},"query-input":{"@type":"PropertyValueSpecification","valueRequired":true,"valueName":"search_term_string"}}],"inLanguage":"en-US"},{"@type":"Organization","@id":"https:\/\/omote-advisory.com\/#organization","name":"Omote Advisory","url":"https:\/\/omote-advisory.com\/","logo":{"@type":"ImageObject","inLanguage":"en-US","@id":"https:\/\/omote-advisory.com\/#\/schema\/logo\/image\/","url":"https:\/\/omote-advisory.com\/wp-content\/uploads\/2019\/01\/LOGO-PNG-1.png","contentUrl":"https:\/\/omote-advisory.com\/wp-content\/uploads\/2019\/01\/LOGO-PNG-1.png","width":4208,"height":744,"caption":"Omote Advisory"},"image":{"@id":"https:\/\/omote-advisory.com\/#\/schema\/logo\/image\/"},"sameAs":["https:\/\/fr.linkedin.com\/company\/omote-advisory"]}]}},"_links":{"self":[{"href":"https:\/\/omote-advisory.com\/en\/wp-json\/wp\/v2\/pages\/278925","targetHints":{"allow":["GET"]}}],"collection":[{"href":"https:\/\/omote-advisory.com\/en\/wp-json\/wp\/v2\/pages"}],"about":[{"href":"https:\/\/omote-advisory.com\/en\/wp-json\/wp\/v2\/types\/page"}],"author":[{"embeddable":true,"href":"https:\/\/omote-advisory.com\/en\/wp-json\/wp\/v2\/users\/5"}],"replies":[{"embeddable":true,"href":"https:\/\/omote-advisory.com\/en\/wp-json\/wp\/v2\/comments?post=278925"}],"version-history":[{"count":87,"href":"https:\/\/omote-advisory.com\/en\/wp-json\/wp\/v2\/pages\/278925\/revisions"}],"predecessor-version":[{"id":279421,"href":"https:\/\/omote-advisory.com\/en\/wp-json\/wp\/v2\/pages\/278925\/revisions\/279421"}],"wp:attachment":[{"href":"https:\/\/omote-advisory.com\/en\/wp-json\/wp\/v2\/media?parent=278925"}],"curies":[{"name":"wp","href":"https:\/\/api.w.org\/{rel}","templated":true}]}}