{"id":279340,"date":"2026-04-21T10:43:49","date_gmt":"2026-04-21T08:43:49","guid":{"rendered":"https:\/\/omote-advisory.com\/?page_id=279340"},"modified":"2026-04-21T10:50:24","modified_gmt":"2026-04-21T08:50:24","slug":"279340-2","status":"publish","type":"page","link":"https:\/\/omote-advisory.com\/en\/279340-2\/","title":{"rendered":"Version industrialis\u00e9e \u2013 Module Liquidity"},"content":{"rendered":"<p>[et_pb_section fb_built=\u00a0\u00bb1&Prime; fullwidth=\u00a0\u00bbon\u00a0\u00bb _builder_version=\u00a0\u00bb4.24.2&Prime; _module_preset=\u00a0\u00bbdefault\u00a0\u00bb global_colors_info=\u00a0\u00bb{}\u00a0\u00bb][et_pb_fullwidth_header title=\u00a0\u00bbVersion industrialis\u00e9e \u2013 Module Liquidity\u00a0\u00bb text_orientation=\u00a0\u00bbright\u00a0\u00bb _builder_version=\u00a0\u00bb4.27.6&Prime; _module_preset=\u00a0\u00bbdefault\u00a0\u00bb title_font=\u00a0\u00bb|600|||||||\u00a0\u00bb title_font_size=\u00a0\u00bb48px\u00a0\u00bb background_enable_color=\u00a0\u00bboff\u00a0\u00bb use_background_color_gradient=\u00a0\u00bbon\u00a0\u00bb background_color_gradient_stops=\u00a0\u00bbrgba(0,0,0,0.5) 0%|rgba(0,0,0,0.5) 100%\u00a0\u00bb background_image=\u00a0\u00bbhttps:\/\/omote-advisory.com\/wp-content\/uploads\/2024\/12\/5_ms_illustration_of_a_network_of_nodes_interconnected_points_w_f0b34aa2-c626-4a2f-b414-87cfdc75b104.png\u00a0\u00bb custom_margin=\u00a0\u00bb||||false|false\u00a0\u00bb custom_padding=\u00a0\u00bb233px||||false|false\u00a0\u00bb global_colors_info=\u00a0\u00bb{}\u00a0\u00bb][\/et_pb_fullwidth_header][\/et_pb_section][et_pb_section fb_built=\u00a0\u00bb1&Prime; _builder_version=\u00a0\u00bb4.25.1&Prime; _module_preset=\u00a0\u00bbdefault\u00a0\u00bb background_enable_color=\u00a0\u00bboff\u00a0\u00bb custom_margin=\u00a0\u00bb50px||||false|false\u00a0\u00bb custom_padding=\u00a0\u00bb||||false|false\u00a0\u00bb global_colors_info=\u00a0\u00bb{}\u00a0\u00bb][et_pb_row _builder_version=\u00a0\u00bb4.27.4&Prime; _module_preset=\u00a0\u00bbdefault\u00a0\u00bb max_width=\u00a0\u00bb100%\u00a0\u00bb custom_margin=\u00a0\u00bb||||false|false\u00a0\u00bb custom_padding=\u00a0\u00bb||||false|false\u00a0\u00bb global_colors_info=\u00a0\u00bb{}\u00a0\u00bb][et_pb_column type=\u00a0\u00bb4_4&Prime; _builder_version=\u00a0\u00bb4.25.1&Prime; _module_preset=\u00a0\u00bbdefault\u00a0\u00bb custom_padding=\u00a0\u00bb||||false|false\u00a0\u00bb global_colors_info=\u00a0\u00bb{}\u00a0\u00bb][et_pb_text _builder_version=\u00a0\u00bb4.27.6&Prime; _module_preset=\u00a0\u00bb1159399b-6826-48aa-a1a9-e0994f4dcf7b\u00a0\u00bb text_font=\u00a0\u00bb||||||||\u00a0\u00bb text_text_color=\u00a0\u00bb#001F3F\u00a0\u00bb custom_padding=\u00a0\u00bb0px||0px||true|true\u00a0\u00bb hover_enabled=\u00a0\u00bb0&Prime; global_colors_info=\u00a0\u00bb{}\u00a0\u00bb sticky_enabled=\u00a0\u00bb0&Prime;]<\/p>\n<section class=\"text-token-text-primary w-full focus:outline-none [--shadow-height:45px] has-data-writing-block:pointer-events-none has-data-writing-block:-mt-(--shadow-height) has-data-writing-block:pt-(--shadow-height) [&amp;:has([data-writing-block])&gt;*]:pointer-events-auto [content-visibility:auto] supports-[content-visibility:auto]:[contain-intrinsic-size:auto_100lvh] R6Vx5W_threadScrollVars scroll-mb-[calc(var(--scroll-root-safe-area-inset-bottom,0px)+var(--thread-response-height))] scroll-mt-[calc(var(--header-height)+min(200px,max(70px,20svh)))]\" dir=\"auto\" data-turn-id=\"request-WEB:25cef3da-d9d9-413a-a9c7-e53baa2ee7fd-3\" data-testid=\"conversation-turn-8\" data-scroll-anchor=\"false\" data-turn=\"assistant\">\n<div class=\"text-base my-auto mx-auto pb-10 [--thread-content-margin:var(--thread-content-margin-xs,calc(var(--spacing)*4))] @w-sm\/main:[--thread-content-margin:var(--thread-content-margin-sm,calc(var(--spacing)*6))] @w-lg\/main:[--thread-content-margin:var(--thread-content-margin-lg,calc(var(--spacing)*16))] px-(--thread-content-margin)\">\n<div class=\"[--thread-content-max-width:40rem] @w-lg\/main:[--thread-content-max-width:48rem] mx-auto max-w-(--thread-content-max-width) flex-1 group\/turn-messages focus-visible:outline-hidden relative flex w-full min-w-0 flex-col agent-turn\">\n<div class=\"flex max-w-full flex-col gap-4 grow\">\n<div data-message-author-role=\"assistant\" data-message-id=\"9bbc9451-98bb-4de3-8475-f42c78856a04\" dir=\"auto\" data-message-model-slug=\"gpt-5-3\" class=\"min-h-8 text-message relative flex w-full flex-col items-end gap-2 text-start break-words whitespace-normal outline-none keyboard-focused:focus-ring [.text-message+&amp;]:mt-1\" data-turn-start-message=\"true\" tabindex=\"0\">\n<div class=\"flex w-full flex-col gap-1 empty:hidden\">\n<div class=\"markdown prose dark:prose-invert w-full wrap-break-word dark markdown-new-styling\">\n<p data-start=\"0\" data-end=\"589\" data-is-last-node=\"\" data-is-only-node=\"\"><strong>D\u00e9couvrez en vid\u00e9o le d\u00e9ploiement complet du module de Liquidit\u00e9, avec l\u2019industrialisation de la collecte et du mapping des donn\u00e9es, ainsi qu\u2019un reporting automatis\u00e9 int\u00e9grant nativement les plafonds r\u00e9glementaires et les pond\u00e9rations. Cette solution permet \u00e9galement le recalcul instantan\u00e9 des ratios, tout en assurant une historisation par arr\u00eat\u00e9 avec une tra\u00e7abilit\u00e9 compl\u00e8te et une justification ligne \u00e0 ligne. Elle s\u2019inscrit dans un environnement structur\u00e9 et fiable, garantissant transparence, conformit\u00e9 et performance \u00e0 chaque \u00e9tape du processus.<\/strong><\/p>\n<\/div>\n<\/div>\n<\/div>\n<\/div>\n<div class=\"z-0 flex min-h-[46px] justify-start\"><\/div>\n<div class=\"mt-3 w-full empty:hidden\">\n<div class=\"text-center\"><\/div>\n<\/div>\n<\/div>\n<\/div>\n<\/section>\n<div aria-hidden=\"true\" class=\"pointer-events-none -mt-px h-px translate-y-[calc(var(--scroll-root-safe-area-inset-bottom)-14*var(--spacing))]\"><\/div>\n<p>[\/et_pb_text][et_pb_video src=\u00a0\u00bbhttps:\/\/omote-advisory.com\/wp-content\/uploads\/2026\/04\/Liquidity-Insight-Core.mp4&Prime; _builder_version=\u00a0\u00bb4.27.6&Prime; _module_preset=\u00a0\u00bbdefault\u00a0\u00bb global_colors_info=\u00a0\u00bb{}\u00a0\u00bb][\/et_pb_video][\/et_pb_column][\/et_pb_row][\/et_pb_section]<\/p>\n","protected":false},"excerpt":{"rendered":"<p>D\u00e9couvrez en vid\u00e9o le d\u00e9ploiement complet du module de Liquidit\u00e9, avec l\u2019industrialisation de la collecte et du mapping des donn\u00e9es, ainsi qu\u2019un reporting automatis\u00e9 int\u00e9grant nativement les plafonds r\u00e9glementaires et les pond\u00e9rations. Cette solution permet \u00e9galement le recalcul instantan\u00e9 des ratios, tout en assurant une historisation par arr\u00eat\u00e9 avec une tra\u00e7abilit\u00e9 compl\u00e8te et une justification [&hellip;]<\/p>\n","protected":false},"author":5,"featured_media":0,"parent":0,"menu_order":0,"comment_status":"closed","ping_status":"closed","template":"","meta":{"_et_pb_use_builder":"on","_et_pb_old_content":"","_et_gb_content_width":"","content-type":"","inline_featured_image":false,"footnotes":""},"class_list":["post-279340","page","type-page","status-publish","hentry"],"yoast_head":"<!-- This site is optimized with the Yoast SEO plugin v27.0 - https:\/\/yoast.com\/product\/yoast-seo-wordpress\/ -->\n<title>Version industrialis\u00e9e \u2013 Module Liquidity - OMOTE ADVISORY<\/title>\n<meta name=\"robots\" content=\"index, follow, max-snippet:-1, max-image-preview:large, max-video-preview:-1\" \/>\n<link rel=\"canonical\" href=\"https:\/\/omote-advisory.com\/en\/279340-2\/\" \/>\n<meta property=\"og:locale\" content=\"en_US\" \/>\n<meta property=\"og:type\" content=\"article\" \/>\n<meta property=\"og:title\" content=\"Version industrialis\u00e9e \u2013 Module Liquidity - OMOTE ADVISORY\" \/>\n<meta property=\"og:description\" content=\"OMOTE Advisory est un cabinet de conseil expert, sp\u00e9cialis\u00e9 en ALM et en gestion des risques financiers. Depuis sa cr\u00e9ation, le cabinet accompagne les banques et les institutions financi\u00e8res de la place dans leurs projets strat\u00e9giques de mise en conformit\u00e9, d\u2019optimisation de mesures et de processus d\u2019encadrement des risques structurels et financiers.Liens Directs Contact Mentions [&hellip;]\" \/>\n<meta property=\"og:url\" content=\"https:\/\/omote-advisory.com\/en\/279340-2\/\" \/>\n<meta property=\"og:site_name\" content=\"OMOTE ADVISORY\" \/>\n<meta property=\"article:modified_time\" content=\"2026-04-21T08:50:24+00:00\" \/>\n<meta name=\"twitter:card\" content=\"summary_large_image\" \/>\n<script type=\"application\/ld+json\" class=\"yoast-schema-graph\">{\"@context\":\"https:\/\/schema.org\",\"@graph\":[{\"@type\":\"WebPage\",\"@id\":\"https:\/\/omote-advisory.com\/279340-2\/\",\"url\":\"https:\/\/omote-advisory.com\/279340-2\/\",\"name\":\"Version industrialis\u00e9e \u2013 Module Liquidity - OMOTE ADVISORY\",\"isPartOf\":{\"@id\":\"https:\/\/omote-advisory.com\/#website\"},\"datePublished\":\"2026-04-21T08:43:49+00:00\",\"dateModified\":\"2026-04-21T08:50:24+00:00\",\"breadcrumb\":{\"@id\":\"https:\/\/omote-advisory.com\/279340-2\/#breadcrumb\"},\"inLanguage\":\"en-US\",\"potentialAction\":[{\"@type\":\"ReadAction\",\"target\":[\"https:\/\/omote-advisory.com\/279340-2\/\"]}]},{\"@type\":\"BreadcrumbList\",\"@id\":\"https:\/\/omote-advisory.com\/279340-2\/#breadcrumb\",\"itemListElement\":[{\"@type\":\"ListItem\",\"position\":1,\"name\":\"Accueil\",\"item\":\"https:\/\/omote-advisory.com\/\"},{\"@type\":\"ListItem\",\"position\":2,\"name\":\"Version industrialis\u00e9e \u2013 Module Liquidity\"}]},{\"@type\":\"WebSite\",\"@id\":\"https:\/\/omote-advisory.com\/#website\",\"url\":\"https:\/\/omote-advisory.com\/\",\"name\":\"OMOTE ADVISORY\",\"description\":\"\",\"publisher\":{\"@id\":\"https:\/\/omote-advisory.com\/#organization\"},\"potentialAction\":[{\"@type\":\"SearchAction\",\"target\":{\"@type\":\"EntryPoint\",\"urlTemplate\":\"https:\/\/omote-advisory.com\/?s={search_term_string}\"},\"query-input\":{\"@type\":\"PropertyValueSpecification\",\"valueRequired\":true,\"valueName\":\"search_term_string\"}}],\"inLanguage\":\"en-US\"},{\"@type\":\"Organization\",\"@id\":\"https:\/\/omote-advisory.com\/#organization\",\"name\":\"Omote Advisory\",\"url\":\"https:\/\/omote-advisory.com\/\",\"logo\":{\"@type\":\"ImageObject\",\"inLanguage\":\"en-US\",\"@id\":\"https:\/\/omote-advisory.com\/#\/schema\/logo\/image\/\",\"url\":\"https:\/\/omote-advisory.com\/wp-content\/uploads\/2019\/01\/LOGO-PNG-1.png\",\"contentUrl\":\"https:\/\/omote-advisory.com\/wp-content\/uploads\/2019\/01\/LOGO-PNG-1.png\",\"width\":4208,\"height\":744,\"caption\":\"Omote Advisory\"},\"image\":{\"@id\":\"https:\/\/omote-advisory.com\/#\/schema\/logo\/image\/\"},\"sameAs\":[\"https:\/\/fr.linkedin.com\/company\/omote-advisory\"]}]}<\/script>\n<!-- \/ Yoast SEO plugin. -->","yoast_head_json":{"title":"Version industrialis\u00e9e \u2013 Module Liquidity - OMOTE ADVISORY","robots":{"index":"index","follow":"follow","max-snippet":"max-snippet:-1","max-image-preview":"max-image-preview:large","max-video-preview":"max-video-preview:-1"},"canonical":"https:\/\/omote-advisory.com\/en\/279340-2\/","og_locale":"en_US","og_type":"article","og_title":"Version industrialis\u00e9e \u2013 Module Liquidity - OMOTE ADVISORY","og_description":"OMOTE Advisory est un cabinet de conseil expert, sp\u00e9cialis\u00e9 en ALM et en gestion des risques financiers. Depuis sa cr\u00e9ation, le cabinet accompagne les banques et les institutions financi\u00e8res de la place dans leurs projets strat\u00e9giques de mise en conformit\u00e9, d\u2019optimisation de mesures et de processus d\u2019encadrement des risques structurels et financiers.Liens Directs Contact Mentions [&hellip;]","og_url":"https:\/\/omote-advisory.com\/en\/279340-2\/","og_site_name":"OMOTE ADVISORY","article_modified_time":"2026-04-21T08:50:24+00:00","twitter_card":"summary_large_image","schema":{"@context":"https:\/\/schema.org","@graph":[{"@type":"WebPage","@id":"https:\/\/omote-advisory.com\/279340-2\/","url":"https:\/\/omote-advisory.com\/279340-2\/","name":"Version industrialis\u00e9e \u2013 Module Liquidity - OMOTE ADVISORY","isPartOf":{"@id":"https:\/\/omote-advisory.com\/#website"},"datePublished":"2026-04-21T08:43:49+00:00","dateModified":"2026-04-21T08:50:24+00:00","breadcrumb":{"@id":"https:\/\/omote-advisory.com\/279340-2\/#breadcrumb"},"inLanguage":"en-US","potentialAction":[{"@type":"ReadAction","target":["https:\/\/omote-advisory.com\/279340-2\/"]}]},{"@type":"BreadcrumbList","@id":"https:\/\/omote-advisory.com\/279340-2\/#breadcrumb","itemListElement":[{"@type":"ListItem","position":1,"name":"Accueil","item":"https:\/\/omote-advisory.com\/"},{"@type":"ListItem","position":2,"name":"Version industrialis\u00e9e \u2013 Module Liquidity"}]},{"@type":"WebSite","@id":"https:\/\/omote-advisory.com\/#website","url":"https:\/\/omote-advisory.com\/","name":"OMOTE ADVISORY","description":"","publisher":{"@id":"https:\/\/omote-advisory.com\/#organization"},"potentialAction":[{"@type":"SearchAction","target":{"@type":"EntryPoint","urlTemplate":"https:\/\/omote-advisory.com\/?s={search_term_string}"},"query-input":{"@type":"PropertyValueSpecification","valueRequired":true,"valueName":"search_term_string"}}],"inLanguage":"en-US"},{"@type":"Organization","@id":"https:\/\/omote-advisory.com\/#organization","name":"Omote Advisory","url":"https:\/\/omote-advisory.com\/","logo":{"@type":"ImageObject","inLanguage":"en-US","@id":"https:\/\/omote-advisory.com\/#\/schema\/logo\/image\/","url":"https:\/\/omote-advisory.com\/wp-content\/uploads\/2019\/01\/LOGO-PNG-1.png","contentUrl":"https:\/\/omote-advisory.com\/wp-content\/uploads\/2019\/01\/LOGO-PNG-1.png","width":4208,"height":744,"caption":"Omote Advisory"},"image":{"@id":"https:\/\/omote-advisory.com\/#\/schema\/logo\/image\/"},"sameAs":["https:\/\/fr.linkedin.com\/company\/omote-advisory"]}]}},"_links":{"self":[{"href":"https:\/\/omote-advisory.com\/en\/wp-json\/wp\/v2\/pages\/279340","targetHints":{"allow":["GET"]}}],"collection":[{"href":"https:\/\/omote-advisory.com\/en\/wp-json\/wp\/v2\/pages"}],"about":[{"href":"https:\/\/omote-advisory.com\/en\/wp-json\/wp\/v2\/types\/page"}],"author":[{"embeddable":true,"href":"https:\/\/omote-advisory.com\/en\/wp-json\/wp\/v2\/users\/5"}],"replies":[{"embeddable":true,"href":"https:\/\/omote-advisory.com\/en\/wp-json\/wp\/v2\/comments?post=279340"}],"version-history":[{"count":6,"href":"https:\/\/omote-advisory.com\/en\/wp-json\/wp\/v2\/pages\/279340\/revisions"}],"predecessor-version":[{"id":279354,"href":"https:\/\/omote-advisory.com\/en\/wp-json\/wp\/v2\/pages\/279340\/revisions\/279354"}],"wp:attachment":[{"href":"https:\/\/omote-advisory.com\/en\/wp-json\/wp\/v2\/media?parent=279340"}],"curies":[{"name":"wp","href":"https:\/\/api.w.org\/{rel}","templated":true}]}}